{"id":828,"date":"2015-04-16T08:06:39","date_gmt":"2015-04-16T07:06:39","guid":{"rendered":"http:\/\/feel-art.ch\/?page_id=828"},"modified":"2020-07-04T17:03:43","modified_gmt":"2020-07-04T16:03:43","slug":"kunst-der-renaissance","status":"publish","type":"page","link":"https:\/\/feel-art.ch\/it\/feel-the-art\/kunst-der-renaissance\/","title":{"rendered":"L&#8217;arte del rinascimento"},"content":{"rendered":"<p>Omaggio all&#8217;antichit\u00e0 e rinascita dell&#8217;arte.<\/p>\n<p>Il rinascimento indica un periodo artistico e culturale del XV e XVI secolo. Ebbe inizio in Italia ma oltrepass\u00f2 presto i confini per diffondersi negli altri paesi europei. Fu un&#8217;epoca di grandi rivoluzioni economiche, politiche e sociali.<\/p>\n<p>Nell&#8217;arte acquistano importanza le raffigurazioni naturalistiche e le regole della\u00a0prospettiva. Gli artisti\u00a0rinascimentali studiano accuratamente\u00a0il corpo umano e le sue proporzioni. Il nudo diventa il simbolo universale dell&#8217;uomo e dei suoi valori, senza imbarazzo o inibizioni religiose.<\/p>\n<p><em>Da sapere:<\/em> la <a href=\"http:\/\/www.uffizi.com\/\" target=\"_blank\" rel=\"noopener noreferrer\">Galleria degli Uffizi<\/a> nel cuore di Firenze, uno dei musei pi\u00fa importanti del mondo,\u00a0ospita alcuni dei pi\u00f9 grandi tesori artistici dell&#8217;epoca rinascimentale.<\/p>\n<p><figure id=\"attachment_839\" aria-describedby=\"caption-attachment-839\" style=\"width: 500px\" class=\"wp-caption alignleft\"><a href=\"http:\/\/feel-art.ch\/wp-content\/uploads\/2015\/04\/LeonardoDaVinci_Studi.jpg\"><img loading=\"lazy\" decoding=\"async\" class=\"wp-image-839 size-thumbnail\" src=\"http:\/\/feel-art.ch\/wp-content\/uploads\/2015\/04\/LeonardoDaVinci_Studi-500x333.jpg\" alt=\"Leonardo Da Vinci - Studien\" width=\"500\" height=\"333\" \/><\/a><figcaption id=\"caption-attachment-839\" class=\"wp-caption-text\">Studi anatomici di Leonardo Da Vinci. Leonardo \u00e9 considerato uno dei pi\u00fa grandi geni dell&#8217;umanit\u00e0.<\/figcaption><\/figure><\/p>","protected":false},"excerpt":{"rendered":"<p>Omaggio all&#8217;antichit\u00e0 e rinascita dell&#8217;arte. Il rinascimento indica un periodo artistico e culturale del XV e XVI secolo. Ebbe inizio in Italia ma oltrepass\u00f2 presto i confini per diffondersi negli altri paesi europei. Fu un&#8217;epoca di grandi rivoluzioni economiche, politiche e sociali. Nell&#8217;arte acquistano importanza le raffigurazioni naturalistiche e le regole della\u00a0prospettiva. Gli artisti\u00a0rinascimentali studiano&hellip;&nbsp;<a href=\"https:\/\/feel-art.ch\/it\/feel-the-art\/kunst-der-renaissance\/\" rel=\"bookmark\">Leggi tutto &raquo;<span class=\"screen-reader-text\">L&#8217;arte del rinascimento<\/span><\/a><\/p>\n","protected":false},"author":1,"featured_media":0,"parent":510,"menu_order":0,"comment_status":"closed","ping_status":"open","template":"","meta":{"neve_meta_sidebar":"","neve_meta_container":"","neve_meta_enable_content_width":"off","neve_meta_content_width":0,"neve_meta_title_alignment":"","neve_meta_author_avatar":"","neve_post_elements_order":"","neve_meta_disable_header":"","neve_meta_disable_footer":"","neve_meta_disable_title":"","footnotes":""},"class_list":["post-828","page","type-page","status-publish","hentry"],"yoast_head":"<!-- This site is optimized with the Yoast SEO plugin v27.2 - https:\/\/yoast.com\/product\/yoast-seo-wordpress\/ -->\n<title>L&#039;arte del rinascimento - FEEL-ART<\/title>\n<meta name=\"description\" content=\"Renaissance bezeichnet eine Kultur-\/Kunstepoche des 15. und 16. Jahrhunderts. Erfahren Sie mehr \u00fcber die Kunst der Renaissance.\" \/>\n<meta name=\"robots\" content=\"index, follow, max-snippet:-1, max-image-preview:large, max-video-preview:-1\" \/>\n<link rel=\"canonical\" href=\"https:\/\/feel-art.ch\/feel-the-art\/kunst-der-renaissance\/\" \/>\n<meta property=\"og:locale\" content=\"it_IT\" \/>\n<meta property=\"og:type\" content=\"article\" \/>\n<meta property=\"og:title\" content=\"[:de]Die Kunst der Renaissance[:it]L&#039;arte del rinascimento[:] - FEEL-ART\" \/>\n<meta property=\"og:description\" content=\"Renaissance bezeichnet eine Kultur-\/Kunstepoche des 15. und 16. Jahrhunderts. Erfahren Sie mehr \u00fcber die Kunst der Renaissance.\" \/>\n<meta property=\"og:url\" content=\"https:\/\/feel-art.ch\/feel-the-art\/kunst-der-renaissance\/\" \/>\n<meta property=\"og:site_name\" content=\"FEEL-ART\" \/>\n<meta property=\"article:modified_time\" content=\"2020-07-04T16:03:43+00:00\" \/>\n<meta property=\"og:image\" content=\"http:\/\/feel-art.ch\/wp-content\/uploads\/2015\/04\/LeonardoDaVinci_Studi-500x333.jpg\" \/>\n<meta name=\"twitter:label1\" content=\"Tempo di lettura stimato\" \/>\n\t<meta name=\"twitter:data1\" content=\"1 minuto\" \/>\n<script type=\"application\/ld+json\" class=\"yoast-schema-graph\">{\"@context\":\"https:\/\/schema.org\",\"@graph\":[{\"@type\":\"WebPage\",\"@id\":\"https:\/\/feel-art.ch\/feel-the-art\/kunst-der-renaissance\/\",\"url\":\"https:\/\/feel-art.ch\/feel-the-art\/kunst-der-renaissance\/\",\"name\":\"[:de]Die Kunst der Renaissance[:it]L'arte del rinascimento[:] - FEEL-ART\",\"isPartOf\":{\"@id\":\"https:\/\/feel-art.ch\/#website\"},\"primaryImageOfPage\":{\"@id\":\"https:\/\/feel-art.ch\/feel-the-art\/kunst-der-renaissance\/#primaryimage\"},\"image\":{\"@id\":\"https:\/\/feel-art.ch\/feel-the-art\/kunst-der-renaissance\/#primaryimage\"},\"thumbnailUrl\":\"http:\/\/feel-art.ch\/wp-content\/uploads\/2015\/04\/LeonardoDaVinci_Studi-500x333.jpg\",\"datePublished\":\"2015-04-16T07:06:39+00:00\",\"dateModified\":\"2020-07-04T16:03:43+00:00\",\"description\":\"Renaissance bezeichnet eine Kultur-\/Kunstepoche des 15. und 16. Jahrhunderts. Erfahren Sie mehr \u00fcber die Kunst der Renaissance.\",\"breadcrumb\":{\"@id\":\"https:\/\/feel-art.ch\/feel-the-art\/kunst-der-renaissance\/#breadcrumb\"},\"inLanguage\":\"it-IT\",\"potentialAction\":[{\"@type\":\"ReadAction\",\"target\":[\"https:\/\/feel-art.ch\/feel-the-art\/kunst-der-renaissance\/\"]}]},{\"@type\":\"ImageObject\",\"inLanguage\":\"it-IT\",\"@id\":\"https:\/\/feel-art.ch\/feel-the-art\/kunst-der-renaissance\/#primaryimage\",\"url\":\"http:\/\/feel-art.ch\/wp-content\/uploads\/2015\/04\/LeonardoDaVinci_Studi-500x333.jpg\",\"contentUrl\":\"http:\/\/feel-art.ch\/wp-content\/uploads\/2015\/04\/LeonardoDaVinci_Studi-500x333.jpg\"},{\"@type\":\"BreadcrumbList\",\"@id\":\"https:\/\/feel-art.ch\/feel-the-art\/kunst-der-renaissance\/#breadcrumb\",\"itemListElement\":[{\"@type\":\"ListItem\",\"position\":1,\"name\":\"Home\",\"item\":\"https:\/\/feel-art.ch\/\"},{\"@type\":\"ListItem\",\"position\":2,\"name\":\"Feel the Art\",\"item\":\"https:\/\/feel-art.ch\/feel-the-art\/\"},{\"@type\":\"ListItem\",\"position\":3,\"name\":\"Die Kunst der Renaissance\"}]},{\"@type\":\"WebSite\",\"@id\":\"https:\/\/feel-art.ch\/#website\",\"url\":\"https:\/\/feel-art.ch\/\",\"name\":\"FEEL-ART\",\"description\":\"Arte\",\"publisher\":{\"@id\":\"https:\/\/feel-art.ch\/#\/schema\/person\/0a4fcd0d1aa8b3665e2a9b209bd69b51\"},\"potentialAction\":[{\"@type\":\"SearchAction\",\"target\":{\"@type\":\"EntryPoint\",\"urlTemplate\":\"https:\/\/feel-art.ch\/?s={search_term_string}\"},\"query-input\":{\"@type\":\"PropertyValueSpecification\",\"valueRequired\":true,\"valueName\":\"search_term_string\"}}],\"inLanguage\":\"it-IT\"},{\"@type\":[\"Person\",\"Organization\"],\"@id\":\"https:\/\/feel-art.ch\/#\/schema\/person\/0a4fcd0d1aa8b3665e2a9b209bd69b51\",\"name\":\"Maria R.\",\"image\":{\"@type\":\"ImageObject\",\"inLanguage\":\"it-IT\",\"@id\":\"https:\/\/secure.gravatar.com\/avatar\/2682af3fa625ad76cce6e48f9707b6e3f9033f291122218b1babea3b693cbd32?s=96&d=mm&r=g\",\"url\":\"https:\/\/secure.gravatar.com\/avatar\/2682af3fa625ad76cce6e48f9707b6e3f9033f291122218b1babea3b693cbd32?s=96&d=mm&r=g\",\"contentUrl\":\"https:\/\/secure.gravatar.com\/avatar\/2682af3fa625ad76cce6e48f9707b6e3f9033f291122218b1babea3b693cbd32?s=96&d=mm&r=g\",\"caption\":\"Maria R.\"},\"logo\":{\"@id\":\"https:\/\/secure.gravatar.com\/avatar\/2682af3fa625ad76cce6e48f9707b6e3f9033f291122218b1babea3b693cbd32?s=96&d=mm&r=g\"},\"sameAs\":[\"http:\/\/www.feel-art.ch\"]}]}<\/script>\n<!-- \/ Yoast SEO plugin. -->","yoast_head_json":{"title":"[:de]Die Kunst der Renaissance[:it]L'arte del rinascimento[:] - FEEL-ART","description":"Renaissance bezeichnet eine Kultur-\/Kunstepoche des 15. und 16. Jahrhunderts. Erfahren Sie mehr \u00fcber die Kunst der Renaissance.","robots":{"index":"index","follow":"follow","max-snippet":"max-snippet:-1","max-image-preview":"max-image-preview:large","max-video-preview":"max-video-preview:-1"},"canonical":"https:\/\/feel-art.ch\/feel-the-art\/kunst-der-renaissance\/","og_locale":"it_IT","og_type":"article","og_title":"[:de]Die Kunst der Renaissance[:it]L'arte del rinascimento[:] - FEEL-ART","og_description":"Renaissance bezeichnet eine Kultur-\/Kunstepoche des 15. und 16. Jahrhunderts. Erfahren Sie mehr \u00fcber die Kunst der Renaissance.","og_url":"https:\/\/feel-art.ch\/feel-the-art\/kunst-der-renaissance\/","og_site_name":"FEEL-ART","article_modified_time":"2020-07-04T16:03:43+00:00","og_image":[{"url":"http:\/\/feel-art.ch\/wp-content\/uploads\/2015\/04\/LeonardoDaVinci_Studi-500x333.jpg","type":"","width":"","height":""}],"twitter_misc":{"Tempo di lettura stimato":"1 minuto"},"schema":{"@context":"https:\/\/schema.org","@graph":[{"@type":"WebPage","@id":"https:\/\/feel-art.ch\/feel-the-art\/kunst-der-renaissance\/","url":"https:\/\/feel-art.ch\/feel-the-art\/kunst-der-renaissance\/","name":"[:de]Die Kunst der Renaissance[:it]L'arte del rinascimento[:] - FEEL-ART","isPartOf":{"@id":"https:\/\/feel-art.ch\/#website"},"primaryImageOfPage":{"@id":"https:\/\/feel-art.ch\/feel-the-art\/kunst-der-renaissance\/#primaryimage"},"image":{"@id":"https:\/\/feel-art.ch\/feel-the-art\/kunst-der-renaissance\/#primaryimage"},"thumbnailUrl":"http:\/\/feel-art.ch\/wp-content\/uploads\/2015\/04\/LeonardoDaVinci_Studi-500x333.jpg","datePublished":"2015-04-16T07:06:39+00:00","dateModified":"2020-07-04T16:03:43+00:00","description":"Renaissance bezeichnet eine Kultur-\/Kunstepoche des 15. und 16. Jahrhunderts. Erfahren Sie mehr \u00fcber die Kunst der Renaissance.","breadcrumb":{"@id":"https:\/\/feel-art.ch\/feel-the-art\/kunst-der-renaissance\/#breadcrumb"},"inLanguage":"it-IT","potentialAction":[{"@type":"ReadAction","target":["https:\/\/feel-art.ch\/feel-the-art\/kunst-der-renaissance\/"]}]},{"@type":"ImageObject","inLanguage":"it-IT","@id":"https:\/\/feel-art.ch\/feel-the-art\/kunst-der-renaissance\/#primaryimage","url":"http:\/\/feel-art.ch\/wp-content\/uploads\/2015\/04\/LeonardoDaVinci_Studi-500x333.jpg","contentUrl":"http:\/\/feel-art.ch\/wp-content\/uploads\/2015\/04\/LeonardoDaVinci_Studi-500x333.jpg"},{"@type":"BreadcrumbList","@id":"https:\/\/feel-art.ch\/feel-the-art\/kunst-der-renaissance\/#breadcrumb","itemListElement":[{"@type":"ListItem","position":1,"name":"Home","item":"https:\/\/feel-art.ch\/"},{"@type":"ListItem","position":2,"name":"Feel the Art","item":"https:\/\/feel-art.ch\/feel-the-art\/"},{"@type":"ListItem","position":3,"name":"Die Kunst der Renaissance"}]},{"@type":"WebSite","@id":"https:\/\/feel-art.ch\/#website","url":"https:\/\/feel-art.ch\/","name":"FEEL-ART","description":"Arte","publisher":{"@id":"https:\/\/feel-art.ch\/#\/schema\/person\/0a4fcd0d1aa8b3665e2a9b209bd69b51"},"potentialAction":[{"@type":"SearchAction","target":{"@type":"EntryPoint","urlTemplate":"https:\/\/feel-art.ch\/?s={search_term_string}"},"query-input":{"@type":"PropertyValueSpecification","valueRequired":true,"valueName":"search_term_string"}}],"inLanguage":"it-IT"},{"@type":["Person","Organization"],"@id":"https:\/\/feel-art.ch\/#\/schema\/person\/0a4fcd0d1aa8b3665e2a9b209bd69b51","name":"Maria R.","image":{"@type":"ImageObject","inLanguage":"it-IT","@id":"https:\/\/secure.gravatar.com\/avatar\/2682af3fa625ad76cce6e48f9707b6e3f9033f291122218b1babea3b693cbd32?s=96&d=mm&r=g","url":"https:\/\/secure.gravatar.com\/avatar\/2682af3fa625ad76cce6e48f9707b6e3f9033f291122218b1babea3b693cbd32?s=96&d=mm&r=g","contentUrl":"https:\/\/secure.gravatar.com\/avatar\/2682af3fa625ad76cce6e48f9707b6e3f9033f291122218b1babea3b693cbd32?s=96&d=mm&r=g","caption":"Maria R."},"logo":{"@id":"https:\/\/secure.gravatar.com\/avatar\/2682af3fa625ad76cce6e48f9707b6e3f9033f291122218b1babea3b693cbd32?s=96&d=mm&r=g"},"sameAs":["http:\/\/www.feel-art.ch"]}]}},"_links":{"self":[{"href":"https:\/\/feel-art.ch\/it\/wp-json\/wp\/v2\/pages\/828","targetHints":{"allow":["GET"]}}],"collection":[{"href":"https:\/\/feel-art.ch\/it\/wp-json\/wp\/v2\/pages"}],"about":[{"href":"https:\/\/feel-art.ch\/it\/wp-json\/wp\/v2\/types\/page"}],"author":[{"embeddable":true,"href":"https:\/\/feel-art.ch\/it\/wp-json\/wp\/v2\/users\/1"}],"replies":[{"embeddable":true,"href":"https:\/\/feel-art.ch\/it\/wp-json\/wp\/v2\/comments?post=828"}],"version-history":[{"count":56,"href":"https:\/\/feel-art.ch\/it\/wp-json\/wp\/v2\/pages\/828\/revisions"}],"predecessor-version":[{"id":2444,"href":"https:\/\/feel-art.ch\/it\/wp-json\/wp\/v2\/pages\/828\/revisions\/2444"}],"up":[{"embeddable":true,"href":"https:\/\/feel-art.ch\/it\/wp-json\/wp\/v2\/pages\/510"}],"wp:attachment":[{"href":"https:\/\/feel-art.ch\/it\/wp-json\/wp\/v2\/media?parent=828"}],"curies":[{"name":"wp","href":"https:\/\/api.w.org\/{rel}","templated":true}]}}