{"id":776,"date":"2015-04-15T14:24:00","date_gmt":"2015-04-15T13:24:00","guid":{"rendered":"http:\/\/feel-art.ch\/?page_id=776"},"modified":"2020-11-10T19:29:08","modified_gmt":"2020-11-10T18:29:08","slug":"roemische-kunst","status":"publish","type":"page","link":"https:\/\/feel-art.ch\/it\/feel-the-art\/roemische-kunst\/","title":{"rendered":"L&#8217;arte nell&#8217;antica Roma"},"content":{"rendered":"<p>L&#8217;arte romana antica fu dapprima un&#8217;assimilazione di varie forme d&#8217;arte di altri popoli lungo il Mar Mediterraneo, innanzitutto dell&#8217;architettura greca. Poco a poco si evolse e divenne un&#8217;espressione artistica autonoma.<\/p>\n<p>I romani divennero famosi soprattutto per le loro prestazioni\u00a0ingegneristiche nel campo dell&#8217;edilizia. Con la rivoluzionaria tecnica delle arcate costruirono acquedotti, terme ed anfiteatri.<br \/>\nAi nostri giorni il Colosseo, il pi\u00fa grande anfiteatro di Roma, \u00e9 l&#8217;emblema della citt\u00e0 eterna.<\/p>\n<p>Resti dell&#8217;antica cultura romana si trovano un p\u00f3 dappertutto. Il\u00a0<a href=\"http:\/\/www.pontdugard.fr\/fr\" target=\"_blank\" rel=\"noopener noreferrer\"><em>Pont du Gard<\/em><\/a> situato nel sud della Francia, faceva parte di un acquedotto di quasi 50 km di lunghezza ed \u00e9 oggi uno\u00a0dei monumenti pi\u00fa antichi\u00a0e famosi di Francia.<\/p>\n<figure id=\"attachment_794\" aria-describedby=\"caption-attachment-794\" style=\"width: 600px\" class=\"wp-caption alignleft\"><a href=\"http:\/\/feel-art.ch\/wp-content\/uploads\/2015\/04\/kapitolinische_W\u00f6lfin.jpg\"><img loading=\"lazy\" decoding=\"async\" class=\"wp-image-794 size-full\" src=\"http:\/\/feel-art.ch\/wp-content\/uploads\/2015\/04\/kapitolinische_W\u00f6lfin-e1429106288677.jpg\" alt=\"kapitolinische W\u00f6lfin\" width=\"600\" height=\"450\" \/><\/a><figcaption id=\"caption-attachment-794\" class=\"wp-caption-text\">La lupa capitolina con Romolo e Remo. Fonte immagine: Wikipedia.<\/figcaption><\/figure>\n<p><a href=\"http:\/\/feel-art.ch\/wp-content\/uploads\/2015\/04\/kapitolinische_W\u00f6lfin.jpg\"><br \/>\n<\/a><\/p>","protected":false},"excerpt":{"rendered":"<p>L&#8217;arte romana antica fu dapprima un&#8217;assimilazione di varie forme d&#8217;arte di altri popoli lungo il Mar Mediterraneo, innanzitutto dell&#8217;architettura greca. Poco a poco si evolse e divenne un&#8217;espressione artistica autonoma. I romani divennero famosi soprattutto per le loro prestazioni\u00a0ingegneristiche nel campo dell&#8217;edilizia. Con la rivoluzionaria tecnica delle arcate costruirono acquedotti, terme ed anfiteatri. Ai nostri&hellip;&nbsp;<a href=\"https:\/\/feel-art.ch\/it\/feel-the-art\/roemische-kunst\/\" rel=\"bookmark\">Leggi tutto &raquo;<span class=\"screen-reader-text\">L&#8217;arte nell&#8217;antica Roma<\/span><\/a><\/p>\n","protected":false},"author":1,"featured_media":0,"parent":510,"menu_order":0,"comment_status":"closed","ping_status":"open","template":"","meta":{"neve_meta_sidebar":"","neve_meta_container":"","neve_meta_enable_content_width":"off","neve_meta_content_width":0,"neve_meta_title_alignment":"","neve_meta_author_avatar":"","neve_post_elements_order":"","neve_meta_disable_header":"","neve_meta_disable_footer":"","neve_meta_disable_title":"","footnotes":""},"class_list":["post-776","page","type-page","status-publish","hentry"],"yoast_head":"<!-- This site is optimized with the Yoast SEO plugin v27.2 - https:\/\/yoast.com\/product\/yoast-seo-wordpress\/ -->\n<title>L&#039;arte nell&#039;antica Roma - FEEL-ART<\/title>\n<meta name=\"description\" content=\"Ber\u00fchmt geworden sind die R\u00f6mer vor allem durch ihre ingenieurtechnischen Leistungen in der Baukunst. Erfahren Sie mehr \u00fcber die Kunst der r\u00f6mischen Antike.\" \/>\n<meta name=\"robots\" content=\"index, follow, max-snippet:-1, max-image-preview:large, max-video-preview:-1\" \/>\n<link rel=\"canonical\" href=\"https:\/\/feel-art.ch\/feel-the-art\/roemische-kunst\/\" \/>\n<meta property=\"og:locale\" content=\"it_IT\" \/>\n<meta property=\"og:type\" content=\"article\" \/>\n<meta property=\"og:title\" content=\"[:de]Die Kunst der r\u00f6mischen Antike[:it]L&#039;arte nell&#039;antica Roma[:] - FEEL-ART\" \/>\n<meta property=\"og:description\" content=\"Ber\u00fchmt geworden sind die R\u00f6mer vor allem durch ihre ingenieurtechnischen Leistungen in der Baukunst. Erfahren Sie mehr \u00fcber die Kunst der r\u00f6mischen Antike.\" \/>\n<meta property=\"og:url\" content=\"https:\/\/feel-art.ch\/feel-the-art\/roemische-kunst\/\" \/>\n<meta property=\"og:site_name\" content=\"FEEL-ART\" \/>\n<meta property=\"article:modified_time\" content=\"2020-11-10T18:29:08+00:00\" \/>\n<meta property=\"og:image\" content=\"https:\/\/feel-art.ch\/wp-content\/uploads\/2015\/06\/colours_web.jpg\" \/>\n\t<meta property=\"og:image:width\" content=\"960\" \/>\n\t<meta property=\"og:image:height\" content=\"374\" \/>\n\t<meta property=\"og:image:type\" content=\"image\/jpeg\" \/>\n<meta name=\"twitter:label1\" content=\"Tempo di lettura stimato\" \/>\n\t<meta name=\"twitter:data1\" content=\"1 minuto\" \/>\n<script type=\"application\/ld+json\" class=\"yoast-schema-graph\">{\"@context\":\"https:\/\/schema.org\",\"@graph\":[{\"@type\":\"WebPage\",\"@id\":\"https:\/\/feel-art.ch\/feel-the-art\/roemische-kunst\/\",\"url\":\"https:\/\/feel-art.ch\/feel-the-art\/roemische-kunst\/\",\"name\":\"[:de]Die Kunst der r\u00f6mischen Antike[:it]L'arte nell'antica Roma[:] - FEEL-ART\",\"isPartOf\":{\"@id\":\"https:\/\/feel-art.ch\/#website\"},\"datePublished\":\"2015-04-15T13:24:00+00:00\",\"dateModified\":\"2020-11-10T18:29:08+00:00\",\"description\":\"Ber\u00fchmt geworden sind die R\u00f6mer vor allem durch ihre ingenieurtechnischen Leistungen in der Baukunst. Erfahren Sie mehr \u00fcber die Kunst der r\u00f6mischen Antike.\",\"breadcrumb\":{\"@id\":\"https:\/\/feel-art.ch\/feel-the-art\/roemische-kunst\/#breadcrumb\"},\"inLanguage\":\"it-IT\",\"potentialAction\":[{\"@type\":\"ReadAction\",\"target\":[\"https:\/\/feel-art.ch\/feel-the-art\/roemische-kunst\/\"]}]},{\"@type\":\"BreadcrumbList\",\"@id\":\"https:\/\/feel-art.ch\/feel-the-art\/roemische-kunst\/#breadcrumb\",\"itemListElement\":[{\"@type\":\"ListItem\",\"position\":1,\"name\":\"Home\",\"item\":\"https:\/\/feel-art.ch\/\"},{\"@type\":\"ListItem\",\"position\":2,\"name\":\"Feel the Art\",\"item\":\"https:\/\/feel-art.ch\/feel-the-art\/\"},{\"@type\":\"ListItem\",\"position\":3,\"name\":\"Die Kunst der r\u00f6mischen Antike\"}]},{\"@type\":\"WebSite\",\"@id\":\"https:\/\/feel-art.ch\/#website\",\"url\":\"https:\/\/feel-art.ch\/\",\"name\":\"FEEL-ART\",\"description\":\"Arte\",\"publisher\":{\"@id\":\"https:\/\/feel-art.ch\/#\/schema\/person\/0a4fcd0d1aa8b3665e2a9b209bd69b51\"},\"potentialAction\":[{\"@type\":\"SearchAction\",\"target\":{\"@type\":\"EntryPoint\",\"urlTemplate\":\"https:\/\/feel-art.ch\/?s={search_term_string}\"},\"query-input\":{\"@type\":\"PropertyValueSpecification\",\"valueRequired\":true,\"valueName\":\"search_term_string\"}}],\"inLanguage\":\"it-IT\"},{\"@type\":[\"Person\",\"Organization\"],\"@id\":\"https:\/\/feel-art.ch\/#\/schema\/person\/0a4fcd0d1aa8b3665e2a9b209bd69b51\",\"name\":\"Maria R.\",\"image\":{\"@type\":\"ImageObject\",\"inLanguage\":\"it-IT\",\"@id\":\"https:\/\/secure.gravatar.com\/avatar\/2682af3fa625ad76cce6e48f9707b6e3f9033f291122218b1babea3b693cbd32?s=96&d=mm&r=g\",\"url\":\"https:\/\/secure.gravatar.com\/avatar\/2682af3fa625ad76cce6e48f9707b6e3f9033f291122218b1babea3b693cbd32?s=96&d=mm&r=g\",\"contentUrl\":\"https:\/\/secure.gravatar.com\/avatar\/2682af3fa625ad76cce6e48f9707b6e3f9033f291122218b1babea3b693cbd32?s=96&d=mm&r=g\",\"caption\":\"Maria R.\"},\"logo\":{\"@id\":\"https:\/\/secure.gravatar.com\/avatar\/2682af3fa625ad76cce6e48f9707b6e3f9033f291122218b1babea3b693cbd32?s=96&d=mm&r=g\"},\"sameAs\":[\"http:\/\/www.feel-art.ch\"]}]}<\/script>\n<!-- \/ Yoast SEO plugin. -->","yoast_head_json":{"title":"[:de]Die Kunst der r\u00f6mischen Antike[:it]L'arte nell'antica Roma[:] - FEEL-ART","description":"Ber\u00fchmt geworden sind die R\u00f6mer vor allem durch ihre ingenieurtechnischen Leistungen in der Baukunst. Erfahren Sie mehr \u00fcber die Kunst der r\u00f6mischen Antike.","robots":{"index":"index","follow":"follow","max-snippet":"max-snippet:-1","max-image-preview":"max-image-preview:large","max-video-preview":"max-video-preview:-1"},"canonical":"https:\/\/feel-art.ch\/feel-the-art\/roemische-kunst\/","og_locale":"it_IT","og_type":"article","og_title":"[:de]Die Kunst der r\u00f6mischen Antike[:it]L'arte nell'antica Roma[:] - FEEL-ART","og_description":"Ber\u00fchmt geworden sind die R\u00f6mer vor allem durch ihre ingenieurtechnischen Leistungen in der Baukunst. Erfahren Sie mehr \u00fcber die Kunst der r\u00f6mischen Antike.","og_url":"https:\/\/feel-art.ch\/feel-the-art\/roemische-kunst\/","og_site_name":"FEEL-ART","article_modified_time":"2020-11-10T18:29:08+00:00","og_image":[{"width":960,"height":374,"url":"https:\/\/feel-art.ch\/wp-content\/uploads\/2015\/06\/colours_web.jpg","type":"image\/jpeg"}],"twitter_misc":{"Tempo di lettura stimato":"1 minuto"},"schema":{"@context":"https:\/\/schema.org","@graph":[{"@type":"WebPage","@id":"https:\/\/feel-art.ch\/feel-the-art\/roemische-kunst\/","url":"https:\/\/feel-art.ch\/feel-the-art\/roemische-kunst\/","name":"[:de]Die Kunst der r\u00f6mischen Antike[:it]L'arte nell'antica Roma[:] - FEEL-ART","isPartOf":{"@id":"https:\/\/feel-art.ch\/#website"},"datePublished":"2015-04-15T13:24:00+00:00","dateModified":"2020-11-10T18:29:08+00:00","description":"Ber\u00fchmt geworden sind die R\u00f6mer vor allem durch ihre ingenieurtechnischen Leistungen in der Baukunst. Erfahren Sie mehr \u00fcber die Kunst der r\u00f6mischen Antike.","breadcrumb":{"@id":"https:\/\/feel-art.ch\/feel-the-art\/roemische-kunst\/#breadcrumb"},"inLanguage":"it-IT","potentialAction":[{"@type":"ReadAction","target":["https:\/\/feel-art.ch\/feel-the-art\/roemische-kunst\/"]}]},{"@type":"BreadcrumbList","@id":"https:\/\/feel-art.ch\/feel-the-art\/roemische-kunst\/#breadcrumb","itemListElement":[{"@type":"ListItem","position":1,"name":"Home","item":"https:\/\/feel-art.ch\/"},{"@type":"ListItem","position":2,"name":"Feel the Art","item":"https:\/\/feel-art.ch\/feel-the-art\/"},{"@type":"ListItem","position":3,"name":"Die Kunst der r\u00f6mischen Antike"}]},{"@type":"WebSite","@id":"https:\/\/feel-art.ch\/#website","url":"https:\/\/feel-art.ch\/","name":"FEEL-ART","description":"Arte","publisher":{"@id":"https:\/\/feel-art.ch\/#\/schema\/person\/0a4fcd0d1aa8b3665e2a9b209bd69b51"},"potentialAction":[{"@type":"SearchAction","target":{"@type":"EntryPoint","urlTemplate":"https:\/\/feel-art.ch\/?s={search_term_string}"},"query-input":{"@type":"PropertyValueSpecification","valueRequired":true,"valueName":"search_term_string"}}],"inLanguage":"it-IT"},{"@type":["Person","Organization"],"@id":"https:\/\/feel-art.ch\/#\/schema\/person\/0a4fcd0d1aa8b3665e2a9b209bd69b51","name":"Maria R.","image":{"@type":"ImageObject","inLanguage":"it-IT","@id":"https:\/\/secure.gravatar.com\/avatar\/2682af3fa625ad76cce6e48f9707b6e3f9033f291122218b1babea3b693cbd32?s=96&d=mm&r=g","url":"https:\/\/secure.gravatar.com\/avatar\/2682af3fa625ad76cce6e48f9707b6e3f9033f291122218b1babea3b693cbd32?s=96&d=mm&r=g","contentUrl":"https:\/\/secure.gravatar.com\/avatar\/2682af3fa625ad76cce6e48f9707b6e3f9033f291122218b1babea3b693cbd32?s=96&d=mm&r=g","caption":"Maria R."},"logo":{"@id":"https:\/\/secure.gravatar.com\/avatar\/2682af3fa625ad76cce6e48f9707b6e3f9033f291122218b1babea3b693cbd32?s=96&d=mm&r=g"},"sameAs":["http:\/\/www.feel-art.ch"]}]}},"_links":{"self":[{"href":"https:\/\/feel-art.ch\/it\/wp-json\/wp\/v2\/pages\/776","targetHints":{"allow":["GET"]}}],"collection":[{"href":"https:\/\/feel-art.ch\/it\/wp-json\/wp\/v2\/pages"}],"about":[{"href":"https:\/\/feel-art.ch\/it\/wp-json\/wp\/v2\/types\/page"}],"author":[{"embeddable":true,"href":"https:\/\/feel-art.ch\/it\/wp-json\/wp\/v2\/users\/1"}],"replies":[{"embeddable":true,"href":"https:\/\/feel-art.ch\/it\/wp-json\/wp\/v2\/comments?post=776"}],"version-history":[{"count":41,"href":"https:\/\/feel-art.ch\/it\/wp-json\/wp\/v2\/pages\/776\/revisions"}],"predecessor-version":[{"id":2441,"href":"https:\/\/feel-art.ch\/it\/wp-json\/wp\/v2\/pages\/776\/revisions\/2441"}],"up":[{"embeddable":true,"href":"https:\/\/feel-art.ch\/it\/wp-json\/wp\/v2\/pages\/510"}],"wp:attachment":[{"href":"https:\/\/feel-art.ch\/it\/wp-json\/wp\/v2\/media?parent=776"}],"curies":[{"name":"wp","href":"https:\/\/api.w.org\/{rel}","templated":true}]}}